{"id":205,"date":"2020-07-26T21:03:24","date_gmt":"2020-07-26T21:03:24","guid":{"rendered":"https:\/\/segurancaengenharia.com.br\/?page_id=205"},"modified":"2020-07-26T21:45:55","modified_gmt":"2020-07-26T21:45:55","slug":"clientes","status":"publish","type":"page","link":"https:\/\/segurancaengenharia.com.br\/?page_id=205","title":{"rendered":"Clientes"},"content":{"rendered":"\t\t<div data-elementor-type=\"wp-page\" data-elementor-id=\"205\" class=\"elementor elementor-205\">\n\t\t\t\t\t\t<section class=\"elementor-section elementor-top-section elementor-element elementor-element-1ccdb5ff elementor-section-height-min-height elementor-section-boxed elementor-section-height-default elementor-section-items-middle\" data-id=\"1ccdb5ff\" data-element_type=\"section\" data-settings=\"{&quot;background_background&quot;:&quot;classic&quot;}\">\n\t\t\t\t\t\t\t<div class=\"elementor-background-overlay\"><\/div>\n\t\t\t\t\t\t\t<div class=\"elementor-container elementor-column-gap-default\">\n\t\t\t\t\t<div class=\"elementor-column elementor-col-100 elementor-top-column elementor-element elementor-element-fea12c9\" data-id=\"fea12c9\" data-element_type=\"column\">\n\t\t\t<div class=\"elementor-widget-wrap elementor-element-populated\">\n\t\t\t\t\t\t<div class=\"elementor-element elementor-element-7eddd588 elementor-widget elementor-widget-heading\" data-id=\"7eddd588\" data-element_type=\"widget\" data-widget_type=\"heading.default\">\n\t\t\t\t<div class=\"elementor-widget-container\">\n\t\t\t\t\t<h3 class=\"elementor-heading-title elementor-size-default\">Clientes<\/h3>\t\t\t\t<\/div>\n\t\t\t\t<\/div>\n\t\t\t\t\t<\/div>\n\t\t<\/div>\n\t\t\t\t\t<\/div>\n\t\t<\/section>\n\t\t\t\t<section class=\"elementor-section elementor-top-section elementor-element elementor-element-2657d12e elementor-section-boxed elementor-section-height-default elementor-section-height-default\" data-id=\"2657d12e\" data-element_type=\"section\">\n\t\t\t\t\t\t<div class=\"elementor-container elementor-column-gap-default\">\n\t\t\t\t\t<div class=\"elementor-column elementor-col-100 elementor-top-column elementor-element elementor-element-62eedae0\" data-id=\"62eedae0\" data-element_type=\"column\">\n\t\t\t<div class=\"elementor-widget-wrap elementor-element-populated\">\n\t\t\t\t\t\t<div class=\"elementor-element elementor-element-7d611a78 elementor-widget-divider--view-line elementor-widget elementor-widget-divider\" data-id=\"7d611a78\" data-element_type=\"widget\" data-widget_type=\"divider.default\">\n\t\t\t\t<div class=\"elementor-widget-container\">\n\t\t\t\t\t\t\t<div class=\"elementor-divider\">\n\t\t\t<span class=\"elementor-divider-separator\">\n\t\t\t\t\t\t<\/span>\n\t\t<\/div>\n\t\t\t\t\t\t<\/div>\n\t\t\t\t<\/div>\n\t\t\t\t\t<\/div>\n\t\t<\/div>\n\t\t\t\t\t<\/div>\n\t\t<\/section>\n\t\t\t\t<section class=\"elementor-section elementor-top-section elementor-element elementor-element-9d95023 elementor-section-boxed elementor-section-height-default elementor-section-height-default\" data-id=\"9d95023\" data-element_type=\"section\">\n\t\t\t\t\t\t<div class=\"elementor-container elementor-column-gap-default\">\n\t\t\t\t\t<div class=\"elementor-column elementor-col-100 elementor-top-column elementor-element elementor-element-62c33f7\" data-id=\"62c33f7\" data-element_type=\"column\">\n\t\t\t<div class=\"elementor-widget-wrap elementor-element-populated\">\n\t\t\t\t\t\t<div class=\"elementor-element elementor-element-7283e11 elementor-widget elementor-widget-text-editor\" data-id=\"7283e11\" data-element_type=\"widget\" data-widget_type=\"text-editor.default\">\n\t\t\t\t<div class=\"elementor-widget-container\">\n\t\t\t\t\t\t\t\t\t<p>Uma hist\u00f3ria de sucesso \u00e9 constru\u00edda com parcerias.\u00a0<span style=\"font-size: 1rem;\">Estas s\u00e3o algumas das empresas que fazem parte da hist\u00f3ria da Seguran\u00e7a Engenharia.<\/span><\/p>\t\t\t\t\t\t\t\t<\/div>\n\t\t\t\t<\/div>\n\t\t\t\t\t<\/div>\n\t\t<\/div>\n\t\t\t\t\t<\/div>\n\t\t<\/section>\n\t\t\t\t<section class=\"elementor-section elementor-top-section elementor-element elementor-element-1d22d89 elementor-section-boxed elementor-section-height-default elementor-section-height-default\" data-id=\"1d22d89\" data-element_type=\"section\">\n\t\t\t\t\t\t<div class=\"elementor-container elementor-column-gap-default\">\n\t\t\t\t\t<div class=\"elementor-column elementor-col-100 elementor-top-column elementor-element elementor-element-e8d4068\" data-id=\"e8d4068\" data-element_type=\"column\">\n\t\t\t<div class=\"elementor-widget-wrap elementor-element-populated\">\n\t\t\t\t\t\t<div class=\"elementor-element elementor-element-520b1b4 elementor-widget elementor-widget-text-editor\" data-id=\"520b1b4\" data-element_type=\"widget\" data-widget_type=\"text-editor.default\">\n\t\t\t\t<div class=\"elementor-widget-container\">\n\t\t\t\t\t\t\t\t\t<p style=\"text-align: center;\"><div class=\"su-custom-gallery su-custom-gallery-align-left su-custom-gallery-title-never\"><div class=\"su-custom-gallery-slide\" style=\"width:230px;height:130px\"><a><img decoding=\"async\" src=\"https:\/\/segurancaengenharia.com.br\/wp-content\/uploads\/2020\/07\/Bernoulli-230x130.jpg\" alt=\"Bernoulli\" width=\"230\" height=\"130\" \/><span class=\"su-custom-gallery-title\">Bernoulli<\/span><\/a><\/div><div class=\"su-custom-gallery-slide\" style=\"width:230px;height:130px\"><a><img decoding=\"async\" src=\"https:\/\/segurancaengenharia.com.br\/wp-content\/uploads\/2020\/07\/Capara\u00f3-230x130.jpg\" alt=\"Capara\u00f3\" width=\"230\" height=\"130\" \/><span class=\"su-custom-gallery-title\">Capara\u00f3<\/span><\/a><\/div><div class=\"su-custom-gallery-slide\" style=\"width:230px;height:130px\"><a><img decoding=\"async\" src=\"https:\/\/segurancaengenharia.com.br\/wp-content\/uploads\/2020\/07\/CBTU-230x130.jpg\" alt=\"CBTU\" width=\"230\" height=\"130\" \/><span class=\"su-custom-gallery-title\">CBTU<\/span><\/a><\/div><div class=\"su-custom-gallery-slide\" style=\"width:230px;height:130px\"><a><img loading=\"lazy\" decoding=\"async\" src=\"https:\/\/segurancaengenharia.com.br\/wp-content\/uploads\/2020\/07\/Colegio-Santa-Maria-230x130.jpg\" alt=\"Colegio Santa Maria\" width=\"230\" height=\"130\" \/><span class=\"su-custom-gallery-title\">Colegio Santa Maria<\/span><\/a><\/div><div class=\"su-custom-gallery-slide\" style=\"width:230px;height:130px\"><a><img loading=\"lazy\" decoding=\"async\" src=\"https:\/\/segurancaengenharia.com.br\/wp-content\/uploads\/2020\/07\/Conartes-230x130.jpg\" alt=\"Conartes\" width=\"230\" height=\"130\" \/><span class=\"su-custom-gallery-title\">Conartes<\/span><\/a><\/div><div class=\"su-custom-gallery-slide\" style=\"width:230px;height:130px\"><a><img loading=\"lazy\" decoding=\"async\" src=\"https:\/\/segurancaengenharia.com.br\/wp-content\/uploads\/2020\/07\/Hospital-Vera-Cruz-230x130.jpg\" alt=\"Hospital Vera Cruz\" width=\"230\" height=\"130\" \/><span class=\"su-custom-gallery-title\">Hospital Vera Cruz<\/span><\/a><\/div><div class=\"su-custom-gallery-slide\" style=\"width:230px;height:130px\"><a><img loading=\"lazy\" decoding=\"async\" src=\"https:\/\/segurancaengenharia.com.br\/wp-content\/uploads\/2020\/07\/Ingleza-230x130.jpg\" alt=\"Ingleza\" width=\"230\" height=\"130\" \/><span class=\"su-custom-gallery-title\">Ingleza<\/span><\/a><\/div><div class=\"su-custom-gallery-slide\" style=\"width:230px;height:130px\"><a><img loading=\"lazy\" decoding=\"async\" src=\"https:\/\/segurancaengenharia.com.br\/wp-content\/uploads\/2020\/07\/Ita\u00fa-Power-Shopping-230x130.jpg\" alt=\"Ita\u00fa Power Shopping\" width=\"230\" height=\"130\" \/><span class=\"su-custom-gallery-title\">Ita\u00fa Power Shopping<\/span><\/a><\/div><div class=\"su-custom-gallery-slide\" style=\"width:230px;height:130px\"><a><img loading=\"lazy\" decoding=\"async\" src=\"https:\/\/segurancaengenharia.com.br\/wp-content\/uploads\/2020\/07\/MRV-230x130.jpg\" alt=\"MRV\" width=\"230\" height=\"130\" \/><span class=\"su-custom-gallery-title\">MRV<\/span><\/a><\/div><div class=\"su-custom-gallery-slide\" style=\"width:230px;height:130px\"><a><img loading=\"lazy\" decoding=\"async\" src=\"https:\/\/segurancaengenharia.com.br\/wp-content\/uploads\/2020\/07\/Muschioni-230x130.jpg\" alt=\"Muschioni\" width=\"230\" height=\"130\" \/><span class=\"su-custom-gallery-title\">Muschioni<\/span><\/a><\/div><div class=\"su-custom-gallery-slide\" style=\"width:230px;height:130px\"><a><img loading=\"lazy\" decoding=\"async\" src=\"https:\/\/segurancaengenharia.com.br\/wp-content\/uploads\/2020\/07\/Prisbel-230x130.jpg\" alt=\"Prisbel\" width=\"230\" height=\"130\" \/><span class=\"su-custom-gallery-title\">Prisbel<\/span><\/a><\/div><div class=\"su-custom-gallery-slide\" style=\"width:230px;height:130px\"><a><img loading=\"lazy\" decoding=\"async\" src=\"https:\/\/segurancaengenharia.com.br\/wp-content\/uploads\/2020\/07\/RCC-230x130.jpg\" alt=\"RCC\" width=\"230\" height=\"130\" \/><span class=\"su-custom-gallery-title\">RCC<\/span><\/a><\/div><div class=\"su-custom-gallery-slide\" style=\"width:230px;height:130px\"><a><img loading=\"lazy\" decoding=\"async\" src=\"https:\/\/segurancaengenharia.com.br\/wp-content\/uploads\/2020\/07\/PUC-230x130.jpg\" alt=\"PUC\" width=\"230\" height=\"130\" \/><span class=\"su-custom-gallery-title\">PUC<\/span><\/a><\/div><div class=\"su-custom-gallery-slide\" style=\"width:230px;height:130px\"><a><img loading=\"lazy\" decoding=\"async\" src=\"https:\/\/segurancaengenharia.com.br\/wp-content\/uploads\/2020\/07\/Tenco-230x130.jpg\" alt=\"Tenco\" width=\"230\" height=\"130\" \/><span class=\"su-custom-gallery-title\">Tenco<\/span><\/a><\/div><div class=\"su-custom-gallery-slide\" style=\"width:230px;height:130px\"><a><img loading=\"lazy\" decoding=\"async\" src=\"https:\/\/segurancaengenharia.com.br\/wp-content\/uploads\/2020\/07\/Ulisses-230x130.jpg\" alt=\"Ulisses\" width=\"230\" height=\"130\" \/><span class=\"su-custom-gallery-title\">Ulisses<\/span><\/a><\/div><div class=\"su-custom-gallery-slide\" style=\"width:230px;height:130px\"><a><img loading=\"lazy\" decoding=\"async\" src=\"https:\/\/segurancaengenharia.com.br\/wp-content\/uploads\/2020\/07\/UNA-230x130.jpg\" alt=\"UNA\" width=\"230\" height=\"130\" \/><span class=\"su-custom-gallery-title\">UNA<\/span><\/a><\/div><div class=\"su-clear\"><\/div><\/div><\/p>\t\t\t\t\t\t\t\t<\/div>\n\t\t\t\t<\/div>\n\t\t\t\t\t<\/div>\n\t\t<\/div>\n\t\t\t\t\t<\/div>\n\t\t<\/section>\n\t\t\t\t<\/div>\n\t\t","protected":false},"excerpt":{"rendered":"<p>Clientes Uma hist\u00f3ria de sucesso \u00e9 constru\u00edda com parcerias.\u00a0Estas s\u00e3o algumas das empresas que fazem parte da hist\u00f3ria da Seguran\u00e7a Engenharia.<\/p>\n","protected":false},"author":1,"featured_media":0,"parent":0,"menu_order":0,"comment_status":"closed","ping_status":"closed","template":"","meta":{"inline_featured_image":false,"footnotes":""},"class_list":["post-205","page","type-page","status-publish","hentry"],"_links":{"self":[{"href":"https:\/\/segurancaengenharia.com.br\/index.php?rest_route=\/wp\/v2\/pages\/205","targetHints":{"allow":["GET"]}}],"collection":[{"href":"https:\/\/segurancaengenharia.com.br\/index.php?rest_route=\/wp\/v2\/pages"}],"about":[{"href":"https:\/\/segurancaengenharia.com.br\/index.php?rest_route=\/wp\/v2\/types\/page"}],"author":[{"embeddable":true,"href":"https:\/\/segurancaengenharia.com.br\/index.php?rest_route=\/wp\/v2\/users\/1"}],"replies":[{"embeddable":true,"href":"https:\/\/segurancaengenharia.com.br\/index.php?rest_route=%2Fwp%2Fv2%2Fcomments&post=205"}],"version-history":[{"count":7,"href":"https:\/\/segurancaengenharia.com.br\/index.php?rest_route=\/wp\/v2\/pages\/205\/revisions"}],"predecessor-version":[{"id":241,"href":"https:\/\/segurancaengenharia.com.br\/index.php?rest_route=\/wp\/v2\/pages\/205\/revisions\/241"}],"wp:attachment":[{"href":"https:\/\/segurancaengenharia.com.br\/index.php?rest_route=%2Fwp%2Fv2%2Fmedia&parent=205"}],"curies":[{"name":"wp","href":"https:\/\/api.w.org\/{rel}","templated":true}]}}