{"id":22,"date":"2020-07-25T19:02:49","date_gmt":"2020-07-25T19:02:49","guid":{"rendered":"https:\/\/segurancaengenharia.com.br\/?page_id=22"},"modified":"2020-07-25T21:25:11","modified_gmt":"2020-07-25T21:25:11","slug":"a-empresa","status":"publish","type":"page","link":"https:\/\/segurancaengenharia.com.br\/?page_id=22","title":{"rendered":"A Empresa"},"content":{"rendered":"\t\t<div data-elementor-type=\"wp-page\" data-elementor-id=\"22\" class=\"elementor elementor-22\">\n\t\t\t\t\t\t<section class=\"elementor-section elementor-top-section elementor-element elementor-element-f9b9103 elementor-section-full_width elementor-section-height-min-height elementor-section-height-default elementor-section-items-middle\" data-id=\"f9b9103\" data-element_type=\"section\" data-settings=\"{&quot;background_background&quot;:&quot;classic&quot;}\">\n\t\t\t\t\t\t\t<div class=\"elementor-background-overlay\"><\/div>\n\t\t\t\t\t\t\t<div class=\"elementor-container elementor-column-gap-default\">\n\t\t\t\t\t<div class=\"elementor-column elementor-col-100 elementor-top-column elementor-element elementor-element-ae7bc75\" data-id=\"ae7bc75\" data-element_type=\"column\">\n\t\t\t<div class=\"elementor-widget-wrap elementor-element-populated\">\n\t\t\t\t\t\t<div class=\"elementor-element elementor-element-4238f8b elementor-widget elementor-widget-heading\" data-id=\"4238f8b\" data-element_type=\"widget\" data-widget_type=\"heading.default\">\n\t\t\t\t<div class=\"elementor-widget-container\">\n\t\t\t\t\t<h3 class=\"elementor-heading-title elementor-size-default\">Conhe\u00e7a nossa hist\u00f3ria<\/h3>\t\t\t\t<\/div>\n\t\t\t\t<\/div>\n\t\t\t\t\t<\/div>\n\t\t<\/div>\n\t\t\t\t\t<\/div>\n\t\t<\/section>\n\t\t\t\t<section class=\"elementor-section elementor-top-section elementor-element elementor-element-bd0b9e4 elementor-section-boxed elementor-section-height-default elementor-section-height-default\" data-id=\"bd0b9e4\" data-element_type=\"section\">\n\t\t\t\t\t\t<div class=\"elementor-container elementor-column-gap-default\">\n\t\t\t\t\t<div class=\"elementor-column elementor-col-100 elementor-top-column elementor-element elementor-element-8fa7d1a\" data-id=\"8fa7d1a\" data-element_type=\"column\">\n\t\t\t<div class=\"elementor-widget-wrap elementor-element-populated\">\n\t\t\t\t\t\t<div class=\"elementor-element elementor-element-ace4b32 elementor-widget-divider--view-line elementor-widget elementor-widget-divider\" data-id=\"ace4b32\" data-element_type=\"widget\" data-widget_type=\"divider.default\">\n\t\t\t\t<div class=\"elementor-widget-container\">\n\t\t\t\t\t\t\t<div class=\"elementor-divider\">\n\t\t\t<span class=\"elementor-divider-separator\">\n\t\t\t\t\t\t<\/span>\n\t\t<\/div>\n\t\t\t\t\t\t<\/div>\n\t\t\t\t<\/div>\n\t\t\t\t\t<\/div>\n\t\t<\/div>\n\t\t\t\t\t<\/div>\n\t\t<\/section>\n\t\t\t\t<section class=\"elementor-section elementor-top-section elementor-element elementor-element-ecbf0d5 elementor-section-boxed elementor-section-height-default elementor-section-height-default\" data-id=\"ecbf0d5\" data-element_type=\"section\">\n\t\t\t\t\t\t<div class=\"elementor-container elementor-column-gap-default\">\n\t\t\t\t\t<div class=\"elementor-column elementor-col-66 elementor-top-column elementor-element elementor-element-eb409cf\" data-id=\"eb409cf\" data-element_type=\"column\">\n\t\t\t<div class=\"elementor-widget-wrap elementor-element-populated\">\n\t\t\t\t\t\t<div class=\"elementor-element elementor-element-413a095 elementor-widget elementor-widget-text-editor\" data-id=\"413a095\" data-element_type=\"widget\" data-widget_type=\"text-editor.default\">\n\t\t\t\t<div class=\"elementor-widget-container\">\n\t\t\t\t\t\t\t\t\t<p>A empresa Seguran\u00e7a Engenharia est\u00e1 diretamente ligada \u00e0 vida do seu fundador, Capit\u00e3o F\u00e9lix. Assim, para contar a hist\u00f3ria dela \u00e9 preciso voltar em 1976.<\/p>\t\t\t\t\t\t\t\t<\/div>\n\t\t\t\t<\/div>\n\t\t\t\t<div class=\"elementor-element elementor-element-b98f34a elementor-widget elementor-widget-text-editor\" data-id=\"b98f34a\" data-element_type=\"widget\" data-widget_type=\"text-editor.default\">\n\t\t\t\t<div class=\"elementor-widget-container\">\n\t\t\t\t\t\t\t\t\t<p>Nesse ano formava no Corpo de Bombeiros do Estado de S\u00e3o Paulo, Geraldo F\u00e9lix de Moura, depois, ainda atuando como bombeiro, se especializou em Engenharia Civil.<\/p>\t\t\t\t\t\t\t\t<\/div>\n\t\t\t\t<\/div>\n\t\t\t\t\t<\/div>\n\t\t<\/div>\n\t\t\t\t<div class=\"elementor-column elementor-col-33 elementor-top-column elementor-element elementor-element-734432e\" data-id=\"734432e\" data-element_type=\"column\">\n\t\t\t<div class=\"elementor-widget-wrap elementor-element-populated\">\n\t\t\t\t\t\t<div class=\"elementor-element elementor-element-dd5a5cd elementor-widget elementor-widget-image\" data-id=\"dd5a5cd\" data-element_type=\"widget\" data-widget_type=\"image.default\">\n\t\t\t\t<div class=\"elementor-widget-container\">\n\t\t\t\t\t\t\t\t\t\t\t\t\t\t\t<img fetchpriority=\"high\" decoding=\"async\" width=\"1024\" height=\"535\" src=\"https:\/\/segurancaengenharia.com.br\/wp-content\/uploads\/2020\/07\/Cap-Felix4-1024x535.jpg\" class=\"attachment-large size-large wp-image-14\" alt=\"\" srcset=\"https:\/\/segurancaengenharia.com.br\/wp-content\/uploads\/2020\/07\/Cap-Felix4-1024x535.jpg 1024w, https:\/\/segurancaengenharia.com.br\/wp-content\/uploads\/2020\/07\/Cap-Felix4-300x157.jpg 300w, https:\/\/segurancaengenharia.com.br\/wp-content\/uploads\/2020\/07\/Cap-Felix4-768x401.jpg 768w, https:\/\/segurancaengenharia.com.br\/wp-content\/uploads\/2020\/07\/Cap-Felix4.jpg 1311w\" sizes=\"(max-width: 1024px) 100vw, 1024px\" \/>\t\t\t\t\t\t\t\t\t\t\t\t\t\t\t<\/div>\n\t\t\t\t<\/div>\n\t\t\t\t\t<\/div>\n\t\t<\/div>\n\t\t\t\t\t<\/div>\n\t\t<\/section>\n\t\t\t\t<section class=\"elementor-section elementor-top-section elementor-element elementor-element-78faa86 elementor-section-boxed elementor-section-height-default elementor-section-height-default\" data-id=\"78faa86\" data-element_type=\"section\">\n\t\t\t\t\t\t<div class=\"elementor-container elementor-column-gap-default\">\n\t\t\t\t\t<div class=\"elementor-column elementor-col-100 elementor-top-column elementor-element elementor-element-79c03c3\" data-id=\"79c03c3\" data-element_type=\"column\">\n\t\t\t<div class=\"elementor-widget-wrap elementor-element-populated\">\n\t\t\t\t\t\t<div class=\"elementor-element elementor-element-9604b92 elementor-widget elementor-widget-text-editor\" data-id=\"9604b92\" data-element_type=\"widget\" data-widget_type=\"text-editor.default\">\n\t\t\t\t<div class=\"elementor-widget-container\">\n\t\t\t\t\t\t\t\t\t<p>Durante o tempo que esteve no Corpo de Bombeiros de Belo Horizonte atuou tamb\u00e9m analisando projetos e fazendo vistorias. Sentindo no mercado a falta de profissionais qualificados na \u00e1rea de prote\u00e7\u00e3o contra inc\u00eandio, teve a iniciativa de trabalhar com pequenos projetos e consultoria para instala\u00e7\u00f5es de sistemas de prote\u00e7\u00e3o contra inc\u00eandio. Na esfera do servi\u00e7o p\u00fablico o Cap. F\u00e9lix participou de trabalhos para elabora\u00e7\u00e3o e implanta\u00e7\u00e3o da legisla\u00e7\u00e3o municipal de preven\u00e7\u00e3o e combate a inc\u00eandio em v\u00e1rios munic\u00edpios mineiros, com destaque para o munic\u00edpio de Montes Claros, onde comandou a Fra\u00e7\u00e3o do Corpo de Bombeiros no per\u00edodo de 1980 a 1985.<\/p>\t\t\t\t\t\t\t\t<\/div>\n\t\t\t\t<\/div>\n\t\t\t\t<div class=\"elementor-element elementor-element-a3af54d elementor-widget elementor-widget-text-editor\" data-id=\"a3af54d\" data-element_type=\"widget\" data-widget_type=\"text-editor.default\">\n\t\t\t\t<div class=\"elementor-widget-container\">\n\t\t\t\t\t\t\t\t\t<p>Ap\u00f3s algumas tentativas de sociedades, em 1990 fundou a Seguran\u00e7a Engenharia. Por se tratar de uma atividade muito especifica e relativamente nova, a Seguran\u00e7a Engenharia desenvolveu uma pol\u00edtica de Recursos Humanos de forma\u00e7\u00e3o de profissionais, ou seja, busca no mercado de t\u00e9cnicos de desenho ou de engenharia e por meio de treinamentos e cursos formam seus pr\u00f3prios profissionais. Al\u00e9m de ser uma forma de driblar as dificuldades da empresa trata-se de um papel importante para o desenvolvimento do mercado e da sociedade assumindo uma postura \u00e9tica e transparente.<\/p>\t\t\t\t\t\t\t\t<\/div>\n\t\t\t\t<\/div>\n\t\t\t\t<div class=\"elementor-element elementor-element-65d4e78 elementor-widget elementor-widget-text-editor\" data-id=\"65d4e78\" data-element_type=\"widget\" data-widget_type=\"text-editor.default\">\n\t\t\t\t<div class=\"elementor-widget-container\">\n\t\t\t\t\t\t\t\t\t<p>A Seguran\u00e7a Engenharia \u00e9 considerada empreendedora e inovadora, seus servi\u00e7os oferecem consultorias t\u00e9cnicas baseadas em metodologias pr\u00f3prias, realiza curso de capacita\u00e7\u00e3o de pessoal para combate a inc\u00eandio, projetos e aplica\u00e7\u00e3o de sistema de preven\u00e7\u00e3o de combate a inc\u00eandios e constru\u00e7\u00e3o civil.<\/p>\t\t\t\t\t\t\t\t<\/div>\n\t\t\t\t<\/div>\n\t\t\t\t<div class=\"elementor-element elementor-element-07a699a elementor-widget elementor-widget-text-editor\" data-id=\"07a699a\" data-element_type=\"widget\" data-widget_type=\"text-editor.default\">\n\t\t\t\t<div class=\"elementor-widget-container\">\n\t\t\t\t\t\t\t\t\t<p>Conta com uma excelente estrutura operacional e com profissionais altamente qualificados, buscando sempre, o aperfei\u00e7oamento t\u00e9cnico e tecnol\u00f3gico da empresa para assim garantir a qualidade m\u00e1xima nos servi\u00e7os, proporcionar satisfa\u00e7\u00e3o, seguran\u00e7a e fidelidade dos clientes.<\/p>\t\t\t\t\t\t\t\t<\/div>\n\t\t\t\t<\/div>\n\t\t\t\t<div class=\"elementor-element elementor-element-1da2662 elementor-widget elementor-widget-text-editor\" data-id=\"1da2662\" data-element_type=\"widget\" data-widget_type=\"text-editor.default\">\n\t\t\t\t<div class=\"elementor-widget-container\">\n\t\t\t\t\t\t\t\t\t<p>O Capit\u00e3o F\u00e9lix iniciou a caminhada, hoje a Seguran\u00e7a Engenharia segue rumo ao futuro\u2026<\/p>\t\t\t\t\t\t\t\t<\/div>\n\t\t\t\t<\/div>\n\t\t\t\t\t<\/div>\n\t\t<\/div>\n\t\t\t\t\t<\/div>\n\t\t<\/section>\n\t\t\t\t<\/div>\n\t\t","protected":false},"excerpt":{"rendered":"<p>Conhe\u00e7a nossa hist\u00f3ria A empresa Seguran\u00e7a Engenharia est\u00e1 diretamente ligada \u00e0 vida do seu fundador, Capit\u00e3o F\u00e9lix. Assim, para contar a hist\u00f3ria dela \u00e9 preciso voltar em 1976. Nesse ano formava no Corpo de Bombeiros do Estado de S\u00e3o Paulo, Geraldo F\u00e9lix de Moura, depois, ainda atuando como bombeiro, se especializou em Engenharia Civil. Durante [&hellip;]<\/p>\n","protected":false},"author":1,"featured_media":0,"parent":0,"menu_order":0,"comment_status":"closed","ping_status":"closed","template":"","meta":{"inline_featured_image":false,"footnotes":""},"class_list":["post-22","page","type-page","status-publish","hentry"],"_links":{"self":[{"href":"https:\/\/segurancaengenharia.com.br\/index.php?rest_route=\/wp\/v2\/pages\/22","targetHints":{"allow":["GET"]}}],"collection":[{"href":"https:\/\/segurancaengenharia.com.br\/index.php?rest_route=\/wp\/v2\/pages"}],"about":[{"href":"https:\/\/segurancaengenharia.com.br\/index.php?rest_route=\/wp\/v2\/types\/page"}],"author":[{"embeddable":true,"href":"https:\/\/segurancaengenharia.com.br\/index.php?rest_route=\/wp\/v2\/users\/1"}],"replies":[{"embeddable":true,"href":"https:\/\/segurancaengenharia.com.br\/index.php?rest_route=%2Fwp%2Fv2%2Fcomments&post=22"}],"version-history":[{"count":13,"href":"https:\/\/segurancaengenharia.com.br\/index.php?rest_route=\/wp\/v2\/pages\/22\/revisions"}],"predecessor-version":[{"id":83,"href":"https:\/\/segurancaengenharia.com.br\/index.php?rest_route=\/wp\/v2\/pages\/22\/revisions\/83"}],"wp:attachment":[{"href":"https:\/\/segurancaengenharia.com.br\/index.php?rest_route=%2Fwp%2Fv2%2Fmedia&parent=22"}],"curies":[{"name":"wp","href":"https:\/\/api.w.org\/{rel}","templated":true}]}}