{"id":28,"date":"2020-07-25T19:03:58","date_gmt":"2020-07-25T19:03:58","guid":{"rendered":"https:\/\/segurancaengenharia.com.br\/?page_id=28"},"modified":"2020-07-29T14:39:39","modified_gmt":"2020-07-29T14:39:39","slug":"treinamentos","status":"publish","type":"page","link":"https:\/\/segurancaengenharia.com.br\/?page_id=28","title":{"rendered":"Treinamentos"},"content":{"rendered":"\t\t<div data-elementor-type=\"wp-page\" data-elementor-id=\"28\" class=\"elementor elementor-28\">\n\t\t\t\t\t\t<section class=\"elementor-section elementor-top-section elementor-element elementor-element-614198e9 elementor-section-height-min-height elementor-section-boxed elementor-section-height-default elementor-section-items-middle\" data-id=\"614198e9\" data-element_type=\"section\" data-settings=\"{&quot;background_background&quot;:&quot;classic&quot;}\">\n\t\t\t\t\t\t\t<div class=\"elementor-background-overlay\"><\/div>\n\t\t\t\t\t\t\t<div class=\"elementor-container elementor-column-gap-default\">\n\t\t\t\t\t<div class=\"elementor-column elementor-col-100 elementor-top-column elementor-element elementor-element-5daaf334\" data-id=\"5daaf334\" data-element_type=\"column\">\n\t\t\t<div class=\"elementor-widget-wrap elementor-element-populated\">\n\t\t\t\t\t\t<div class=\"elementor-element elementor-element-266726e1 elementor-widget elementor-widget-heading\" data-id=\"266726e1\" data-element_type=\"widget\" data-widget_type=\"heading.default\">\n\t\t\t\t<div class=\"elementor-widget-container\">\n\t\t\t\t\t<h3 class=\"elementor-heading-title elementor-size-default\">Conhe\u00e7a o nosso centro de treinamentos<\/h3>\t\t\t\t<\/div>\n\t\t\t\t<\/div>\n\t\t\t\t\t<\/div>\n\t\t<\/div>\n\t\t\t\t\t<\/div>\n\t\t<\/section>\n\t\t\t\t<section class=\"elementor-section elementor-top-section elementor-element elementor-element-68929086 elementor-section-boxed elementor-section-height-default elementor-section-height-default\" data-id=\"68929086\" data-element_type=\"section\">\n\t\t\t\t\t\t<div class=\"elementor-container elementor-column-gap-default\">\n\t\t\t\t\t<div class=\"elementor-column elementor-col-100 elementor-top-column elementor-element elementor-element-3fad9ce1\" data-id=\"3fad9ce1\" data-element_type=\"column\">\n\t\t\t<div class=\"elementor-widget-wrap elementor-element-populated\">\n\t\t\t\t\t\t<div class=\"elementor-element elementor-element-755f0c43 elementor-widget-divider--view-line elementor-widget elementor-widget-divider\" data-id=\"755f0c43\" data-element_type=\"widget\" data-widget_type=\"divider.default\">\n\t\t\t\t<div class=\"elementor-widget-container\">\n\t\t\t\t\t\t\t<div class=\"elementor-divider\">\n\t\t\t<span class=\"elementor-divider-separator\">\n\t\t\t\t\t\t<\/span>\n\t\t<\/div>\n\t\t\t\t\t\t<\/div>\n\t\t\t\t<\/div>\n\t\t\t\t\t<\/div>\n\t\t<\/div>\n\t\t\t\t\t<\/div>\n\t\t<\/section>\n\t\t\t\t<section class=\"elementor-section elementor-top-section elementor-element elementor-element-3501b13 elementor-section-boxed elementor-section-height-default elementor-section-height-default\" data-id=\"3501b13\" data-element_type=\"section\">\n\t\t\t\t\t\t<div class=\"elementor-container elementor-column-gap-default\">\n\t\t\t\t\t<div class=\"elementor-column elementor-col-66 elementor-top-column elementor-element elementor-element-65e98ca\" data-id=\"65e98ca\" data-element_type=\"column\">\n\t\t\t<div class=\"elementor-widget-wrap elementor-element-populated\">\n\t\t\t\t\t\t<div class=\"elementor-element elementor-element-2a9a072 elementor-widget elementor-widget-text-editor\" data-id=\"2a9a072\" data-element_type=\"widget\" data-widget_type=\"text-editor.default\">\n\t\t\t\t<div class=\"elementor-widget-container\">\n\t\t\t\t\t\t\t\t\t<p>O centro de treinamentos \u00e9 dotado de uma pista com obst\u00e1culos montados para a pr\u00e1tica de combate a inc\u00eandio em combust\u00edveis l\u00edquidos, gasosos e s\u00f3lidos, casa de fuma\u00e7a que simula ambiente confinado e sem ilumina\u00e7\u00e3o, sala de aulas, \u00e1rea de conviv\u00eancia e vesti\u00e1rios.<\/p>\t\t\t\t\t\t\t\t<\/div>\n\t\t\t\t<\/div>\n\t\t\t\t<div class=\"elementor-element elementor-element-27e5918 elementor-widget elementor-widget-text-editor\" data-id=\"27e5918\" data-element_type=\"widget\" data-widget_type=\"text-editor.default\">\n\t\t\t\t<div class=\"elementor-widget-container\">\n\t\t\t\t\t\t\t\t\t<p><span style=\"text-align: left;\">Tamb\u00e9m \u00e9 poss\u00edvel alugar o centro de treinamentos para equipes com instrutor pr\u00f3prio.<\/span><\/p>\t\t\t\t\t\t\t\t<\/div>\n\t\t\t\t<\/div>\n\t\t\t\t<div class=\"elementor-element elementor-element-1d91392 elementor-widget elementor-widget-text-editor\" data-id=\"1d91392\" data-element_type=\"widget\" data-widget_type=\"text-editor.default\">\n\t\t\t\t<div class=\"elementor-widget-container\">\n\t\t\t\t\t\t\t\t\t<p><span style=\"text-align: left;\">Veja algumas imagens da nossa estrutura:<\/span><\/p>\t\t\t\t\t\t\t\t<\/div>\n\t\t\t\t<\/div>\n\t\t\t\t\t<\/div>\n\t\t<\/div>\n\t\t\t\t<div class=\"elementor-column elementor-col-33 elementor-top-column elementor-element elementor-element-cdff153\" data-id=\"cdff153\" data-element_type=\"column\">\n\t\t\t<div class=\"elementor-widget-wrap elementor-element-populated\">\n\t\t\t\t\t\t<div class=\"elementor-element elementor-element-81f2398 elementor-widget elementor-widget-google_maps\" data-id=\"81f2398\" data-element_type=\"widget\" data-widget_type=\"google_maps.default\">\n\t\t\t\t<div class=\"elementor-widget-container\">\n\t\t\t\t\t\t\t<div class=\"elementor-custom-embed\">\n\t\t\t<iframe loading=\"lazy\"\n\t\t\t\t\tsrc=\"https:\/\/maps.google.com\/maps?q=-19.801576%2C%20-43.804949&#038;t=m&#038;z=10&#038;output=embed&#038;iwloc=near\"\n\t\t\t\t\ttitle=\"-19.801576, -43.804949\"\n\t\t\t\t\taria-label=\"-19.801576, -43.804949\"\n\t\t\t><\/iframe>\n\t\t<\/div>\n\t\t\t\t\t\t<\/div>\n\t\t\t\t<\/div>\n\t\t\t\t\t<\/div>\n\t\t<\/div>\n\t\t\t\t\t<\/div>\n\t\t<\/section>\n\t\t\t\t<section class=\"elementor-section elementor-top-section elementor-element elementor-element-41f997c elementor-section-boxed elementor-section-height-default elementor-section-height-default\" data-id=\"41f997c\" data-element_type=\"section\">\n\t\t\t\t\t\t<div class=\"elementor-container elementor-column-gap-default\">\n\t\t\t\t\t<div class=\"elementor-column elementor-col-100 elementor-top-column elementor-element elementor-element-2fda628\" data-id=\"2fda628\" data-element_type=\"column\">\n\t\t\t<div class=\"elementor-widget-wrap elementor-element-populated\">\n\t\t\t\t\t\t<div class=\"elementor-element elementor-element-db83e8a elementor-arrows-position-inside elementor-pagination-position-outside elementor-widget elementor-widget-image-carousel\" data-id=\"db83e8a\" data-element_type=\"widget\" data-settings=\"{&quot;slides_to_show&quot;:&quot;3&quot;,&quot;pause_on_hover&quot;:&quot;no&quot;,&quot;autoplay_speed&quot;:3000,&quot;navigation&quot;:&quot;both&quot;,&quot;autoplay&quot;:&quot;yes&quot;,&quot;pause_on_interaction&quot;:&quot;yes&quot;,&quot;infinite&quot;:&quot;yes&quot;,&quot;speed&quot;:500,&quot;image_spacing_custom&quot;:{&quot;unit&quot;:&quot;px&quot;,&quot;size&quot;:20,&quot;sizes&quot;:[]},&quot;image_spacing_custom_tablet&quot;:{&quot;unit&quot;:&quot;px&quot;,&quot;size&quot;:&quot;&quot;,&quot;sizes&quot;:[]},&quot;image_spacing_custom_mobile&quot;:{&quot;unit&quot;:&quot;px&quot;,&quot;size&quot;:&quot;&quot;,&quot;sizes&quot;:[]}}\" data-widget_type=\"image-carousel.default\">\n\t\t\t\t<div class=\"elementor-widget-container\">\n\t\t\t\t\t\t\t<div class=\"elementor-image-carousel-wrapper swiper\" role=\"region\" aria-roledescription=\"carousel\" aria-label=\"Carrossel de imagens\" dir=\"ltr\">\n\t\t\t<div class=\"elementor-image-carousel swiper-wrapper\" aria-live=\"off\">\n\t\t\t\t\t\t\t\t<div class=\"swiper-slide\" role=\"group\" aria-roledescription=\"slide\" aria-label=\"1 de 11\"><a data-elementor-open-lightbox=\"yes\" data-elementor-lightbox-slideshow=\"db83e8a\" data-elementor-lightbox-title=\"20160511_092109-1\" data-e-action-hash=\"#elementor-action%3Aaction%3Dlightbox%26settings%3DeyJpZCI6MTI4LCJ1cmwiOiJodHRwczpcL1wvc2VndXJhbmNhZW5nZW5oYXJpYS5jb20uYnJcL3dwLWNvbnRlbnRcL3VwbG9hZHNcLzIwMjBcLzA3XC8yMDE2MDUxMV8wOTIxMDktMS5qcGciLCJzbGlkZXNob3ciOiJkYjgzZThhIn0%3D\" href=\"https:\/\/segurancaengenharia.com.br\/wp-content\/uploads\/2020\/07\/20160511_092109-1.jpg\"><figure class=\"swiper-slide-inner\"><img decoding=\"async\" class=\"swiper-slide-image\" src=\"https:\/\/segurancaengenharia.com.br\/wp-content\/uploads\/2020\/07\/20160511_092109-1.jpg\" alt=\"20160511_092109-1\" \/><\/figure><\/a><\/div><div class=\"swiper-slide\" role=\"group\" aria-roledescription=\"slide\" aria-label=\"2 de 11\"><a data-elementor-open-lightbox=\"yes\" data-elementor-lightbox-slideshow=\"db83e8a\" data-elementor-lightbox-title=\"20160511_092210-1\" data-e-action-hash=\"#elementor-action%3Aaction%3Dlightbox%26settings%3DeyJpZCI6MTI5LCJ1cmwiOiJodHRwczpcL1wvc2VndXJhbmNhZW5nZW5oYXJpYS5jb20uYnJcL3dwLWNvbnRlbnRcL3VwbG9hZHNcLzIwMjBcLzA3XC8yMDE2MDUxMV8wOTIyMTAtMS5qcGciLCJzbGlkZXNob3ciOiJkYjgzZThhIn0%3D\" href=\"https:\/\/segurancaengenharia.com.br\/wp-content\/uploads\/2020\/07\/20160511_092210-1.jpg\"><figure class=\"swiper-slide-inner\"><img decoding=\"async\" class=\"swiper-slide-image\" src=\"https:\/\/segurancaengenharia.com.br\/wp-content\/uploads\/2020\/07\/20160511_092210-1-1536x853.jpg\" alt=\"20160511_092210-1\" \/><\/figure><\/a><\/div><div class=\"swiper-slide\" role=\"group\" aria-roledescription=\"slide\" aria-label=\"3 de 11\"><a data-elementor-open-lightbox=\"yes\" data-elementor-lightbox-slideshow=\"db83e8a\" data-elementor-lightbox-title=\"20160511_091937-1\" data-e-action-hash=\"#elementor-action%3Aaction%3Dlightbox%26settings%3DeyJpZCI6MTI2LCJ1cmwiOiJodHRwczpcL1wvc2VndXJhbmNhZW5nZW5oYXJpYS5jb20uYnJcL3dwLWNvbnRlbnRcL3VwbG9hZHNcLzIwMjBcLzA3XC8yMDE2MDUxMV8wOTE5MzctMS5qcGciLCJzbGlkZXNob3ciOiJkYjgzZThhIn0%3D\" href=\"https:\/\/segurancaengenharia.com.br\/wp-content\/uploads\/2020\/07\/20160511_091937-1.jpg\"><figure class=\"swiper-slide-inner\"><img decoding=\"async\" class=\"swiper-slide-image\" src=\"https:\/\/segurancaengenharia.com.br\/wp-content\/uploads\/2020\/07\/20160511_091937-1-1536x844.jpg\" alt=\"20160511_091937-1\" \/><\/figure><\/a><\/div><div class=\"swiper-slide\" role=\"group\" aria-roledescription=\"slide\" aria-label=\"4 de 11\"><a data-elementor-open-lightbox=\"yes\" data-elementor-lightbox-slideshow=\"db83e8a\" data-elementor-lightbox-title=\"20160511_092259-1\" data-e-action-hash=\"#elementor-action%3Aaction%3Dlightbox%26settings%3DeyJpZCI6MTMyLCJ1cmwiOiJodHRwczpcL1wvc2VndXJhbmNhZW5nZW5oYXJpYS5jb20uYnJcL3dwLWNvbnRlbnRcL3VwbG9hZHNcLzIwMjBcLzA3XC8yMDE2MDUxMV8wOTIyNTktMS5qcGciLCJzbGlkZXNob3ciOiJkYjgzZThhIn0%3D\" href=\"https:\/\/segurancaengenharia.com.br\/wp-content\/uploads\/2020\/07\/20160511_092259-1.jpg\"><figure class=\"swiper-slide-inner\"><img decoding=\"async\" class=\"swiper-slide-image\" src=\"https:\/\/segurancaengenharia.com.br\/wp-content\/uploads\/2020\/07\/20160511_092259-1-1536x837.jpg\" alt=\"20160511_092259-1\" \/><\/figure><\/a><\/div><div class=\"swiper-slide\" role=\"group\" aria-roledescription=\"slide\" aria-label=\"5 de 11\"><a data-elementor-open-lightbox=\"yes\" data-elementor-lightbox-slideshow=\"db83e8a\" data-elementor-lightbox-title=\"20160511_092254-1\" data-e-action-hash=\"#elementor-action%3Aaction%3Dlightbox%26settings%3DeyJpZCI6MTMxLCJ1cmwiOiJodHRwczpcL1wvc2VndXJhbmNhZW5nZW5oYXJpYS5jb20uYnJcL3dwLWNvbnRlbnRcL3VwbG9hZHNcLzIwMjBcLzA3XC8yMDE2MDUxMV8wOTIyNTQtMS5qcGciLCJzbGlkZXNob3ciOiJkYjgzZThhIn0%3D\" href=\"https:\/\/segurancaengenharia.com.br\/wp-content\/uploads\/2020\/07\/20160511_092254-1.jpg\"><figure class=\"swiper-slide-inner\"><img decoding=\"async\" class=\"swiper-slide-image\" src=\"https:\/\/segurancaengenharia.com.br\/wp-content\/uploads\/2020\/07\/20160511_092254-1.jpg\" alt=\"20160511_092254-1\" \/><\/figure><\/a><\/div><div class=\"swiper-slide\" role=\"group\" aria-roledescription=\"slide\" aria-label=\"6 de 11\"><a data-elementor-open-lightbox=\"yes\" data-elementor-lightbox-slideshow=\"db83e8a\" data-elementor-lightbox-title=\"20160511_092027-1\" data-e-action-hash=\"#elementor-action%3Aaction%3Dlightbox%26settings%3DeyJpZCI6MTI3LCJ1cmwiOiJodHRwczpcL1wvc2VndXJhbmNhZW5nZW5oYXJpYS5jb20uYnJcL3dwLWNvbnRlbnRcL3VwbG9hZHNcLzIwMjBcLzA3XC8yMDE2MDUxMV8wOTIwMjctMS5qcGciLCJzbGlkZXNob3ciOiJkYjgzZThhIn0%3D\" href=\"https:\/\/segurancaengenharia.com.br\/wp-content\/uploads\/2020\/07\/20160511_092027-1.jpg\"><figure class=\"swiper-slide-inner\"><img decoding=\"async\" class=\"swiper-slide-image\" src=\"https:\/\/segurancaengenharia.com.br\/wp-content\/uploads\/2020\/07\/20160511_092027-1.jpg\" alt=\"20160511_092027-1\" \/><\/figure><\/a><\/div><div class=\"swiper-slide\" role=\"group\" aria-roledescription=\"slide\" aria-label=\"7 de 11\"><a data-elementor-open-lightbox=\"yes\" data-elementor-lightbox-slideshow=\"db83e8a\" data-elementor-lightbox-title=\"20160511_092218-1\" data-e-action-hash=\"#elementor-action%3Aaction%3Dlightbox%26settings%3DeyJpZCI6MTMwLCJ1cmwiOiJodHRwczpcL1wvc2VndXJhbmNhZW5nZW5oYXJpYS5jb20uYnJcL3dwLWNvbnRlbnRcL3VwbG9hZHNcLzIwMjBcLzA3XC8yMDE2MDUxMV8wOTIyMTgtMS5qcGciLCJzbGlkZXNob3ciOiJkYjgzZThhIn0%3D\" href=\"https:\/\/segurancaengenharia.com.br\/wp-content\/uploads\/2020\/07\/20160511_092218-1.jpg\"><figure class=\"swiper-slide-inner\"><img decoding=\"async\" class=\"swiper-slide-image\" src=\"https:\/\/segurancaengenharia.com.br\/wp-content\/uploads\/2020\/07\/20160511_092218-1-1536x821.jpg\" alt=\"20160511_092218-1\" \/><\/figure><\/a><\/div><div class=\"swiper-slide\" role=\"group\" aria-roledescription=\"slide\" aria-label=\"8 de 11\"><a data-elementor-open-lightbox=\"yes\" data-elementor-lightbox-slideshow=\"db83e8a\" data-elementor-lightbox-title=\"DSC01150\" data-e-action-hash=\"#elementor-action%3Aaction%3Dlightbox%26settings%3DeyJpZCI6MTM2LCJ1cmwiOiJodHRwczpcL1wvc2VndXJhbmNhZW5nZW5oYXJpYS5jb20uYnJcL3dwLWNvbnRlbnRcL3VwbG9hZHNcLzIwMjBcLzA3XC9EU0MwMTE1MC5qcGciLCJzbGlkZXNob3ciOiJkYjgzZThhIn0%3D\" href=\"https:\/\/segurancaengenharia.com.br\/wp-content\/uploads\/2020\/07\/DSC01150.jpg\"><figure class=\"swiper-slide-inner\"><img decoding=\"async\" class=\"swiper-slide-image\" src=\"https:\/\/segurancaengenharia.com.br\/wp-content\/uploads\/2020\/07\/DSC01150.jpg\" alt=\"DSC01150\" \/><\/figure><\/a><\/div><div class=\"swiper-slide\" role=\"group\" aria-roledescription=\"slide\" aria-label=\"9 de 11\"><a data-elementor-open-lightbox=\"yes\" data-elementor-lightbox-slideshow=\"db83e8a\" data-elementor-lightbox-title=\"20170610_155848\" data-e-action-hash=\"#elementor-action%3Aaction%3Dlightbox%26settings%3DeyJpZCI6MTM0LCJ1cmwiOiJodHRwczpcL1wvc2VndXJhbmNhZW5nZW5oYXJpYS5jb20uYnJcL3dwLWNvbnRlbnRcL3VwbG9hZHNcLzIwMjBcLzA3XC8yMDE3MDYxMF8xNTU4NDguanBnIiwic2xpZGVzaG93IjoiZGI4M2U4YSJ9\" href=\"https:\/\/segurancaengenharia.com.br\/wp-content\/uploads\/2020\/07\/20170610_155848.jpg\"><figure class=\"swiper-slide-inner\"><img decoding=\"async\" class=\"swiper-slide-image\" src=\"https:\/\/segurancaengenharia.com.br\/wp-content\/uploads\/2020\/07\/20170610_155848-1536x864.jpg\" alt=\"20170610_155848\" \/><\/figure><\/a><\/div><div class=\"swiper-slide\" role=\"group\" aria-roledescription=\"slide\" aria-label=\"10 de 11\"><a data-elementor-open-lightbox=\"yes\" data-elementor-lightbox-slideshow=\"db83e8a\" data-elementor-lightbox-title=\"20170610_160628\" data-e-action-hash=\"#elementor-action%3Aaction%3Dlightbox%26settings%3DeyJpZCI6MTM1LCJ1cmwiOiJodHRwczpcL1wvc2VndXJhbmNhZW5nZW5oYXJpYS5jb20uYnJcL3dwLWNvbnRlbnRcL3VwbG9hZHNcLzIwMjBcLzA3XC8yMDE3MDYxMF8xNjA2MjguanBnIiwic2xpZGVzaG93IjoiZGI4M2U4YSJ9\" href=\"https:\/\/segurancaengenharia.com.br\/wp-content\/uploads\/2020\/07\/20170610_160628.jpg\"><figure class=\"swiper-slide-inner\"><img decoding=\"async\" class=\"swiper-slide-image\" src=\"https:\/\/segurancaengenharia.com.br\/wp-content\/uploads\/2020\/07\/20170610_160628.jpg\" alt=\"20170610_160628\" \/><\/figure><\/a><\/div><div class=\"swiper-slide\" role=\"group\" aria-roledescription=\"slide\" aria-label=\"11 de 11\"><a data-elementor-open-lightbox=\"yes\" data-elementor-lightbox-slideshow=\"db83e8a\" data-elementor-lightbox-title=\"20170209_131318\" data-e-action-hash=\"#elementor-action%3Aaction%3Dlightbox%26settings%3DeyJpZCI6MTQxLCJ1cmwiOiJodHRwczpcL1wvc2VndXJhbmNhZW5nZW5oYXJpYS5jb20uYnJcL3dwLWNvbnRlbnRcL3VwbG9hZHNcLzIwMjBcLzA3XC8yMDE3MDIwOV8xMzEzMTgtMy5qcGciLCJzbGlkZXNob3ciOiJkYjgzZThhIn0%3D\" href=\"https:\/\/segurancaengenharia.com.br\/wp-content\/uploads\/2020\/07\/20170209_131318-3.jpg\"><figure class=\"swiper-slide-inner\"><img decoding=\"async\" class=\"swiper-slide-image\" src=\"https:\/\/segurancaengenharia.com.br\/wp-content\/uploads\/2020\/07\/20170209_131318-3-1536x844.jpg\" alt=\"20170209_131318\" \/><\/figure><\/a><\/div>\t\t\t<\/div>\n\t\t\t\t\t\t\t\t\t\t\t\t<div class=\"elementor-swiper-button elementor-swiper-button-prev\" role=\"button\" tabindex=\"0\">\n\t\t\t\t\t\t<i aria-hidden=\"true\" class=\"eicon-chevron-left\"><\/i>\t\t\t\t\t<\/div>\n\t\t\t\t\t<div class=\"elementor-swiper-button elementor-swiper-button-next\" role=\"button\" tabindex=\"0\">\n\t\t\t\t\t\t<i aria-hidden=\"true\" class=\"eicon-chevron-right\"><\/i>\t\t\t\t\t<\/div>\n\t\t\t\t\n\t\t\t\t\t\t\t\t\t<div class=\"swiper-pagination\"><\/div>\n\t\t\t\t\t\t\t\t\t<\/div>\n\t\t\t\t\t\t<\/div>\n\t\t\t\t<\/div>\n\t\t\t\t\t<\/div>\n\t\t<\/div>\n\t\t\t\t\t<\/div>\n\t\t<\/section>\n\t\t\t\t<\/div>\n\t\t","protected":false},"excerpt":{"rendered":"<p>Conhe\u00e7a o nosso centro de treinamentos O centro de treinamentos \u00e9 dotado de uma pista com obst\u00e1culos montados para a pr\u00e1tica de combate a inc\u00eandio em combust\u00edveis l\u00edquidos, gasosos e s\u00f3lidos, casa de fuma\u00e7a que simula ambiente confinado e sem ilumina\u00e7\u00e3o, sala de aulas, \u00e1rea de conviv\u00eancia e vesti\u00e1rios. Tamb\u00e9m \u00e9 poss\u00edvel alugar o centro [&hellip;]<\/p>\n","protected":false},"author":1,"featured_media":0,"parent":0,"menu_order":0,"comment_status":"closed","ping_status":"closed","template":"","meta":{"inline_featured_image":false,"footnotes":""},"class_list":["post-28","page","type-page","status-publish","hentry"],"_links":{"self":[{"href":"https:\/\/segurancaengenharia.com.br\/index.php?rest_route=\/wp\/v2\/pages\/28","targetHints":{"allow":["GET"]}}],"collection":[{"href":"https:\/\/segurancaengenharia.com.br\/index.php?rest_route=\/wp\/v2\/pages"}],"about":[{"href":"https:\/\/segurancaengenharia.com.br\/index.php?rest_route=\/wp\/v2\/types\/page"}],"author":[{"embeddable":true,"href":"https:\/\/segurancaengenharia.com.br\/index.php?rest_route=\/wp\/v2\/users\/1"}],"replies":[{"embeddable":true,"href":"https:\/\/segurancaengenharia.com.br\/index.php?rest_route=%2Fwp%2Fv2%2Fcomments&post=28"}],"version-history":[{"count":9,"href":"https:\/\/segurancaengenharia.com.br\/index.php?rest_route=\/wp\/v2\/pages\/28\/revisions"}],"predecessor-version":[{"id":259,"href":"https:\/\/segurancaengenharia.com.br\/index.php?rest_route=\/wp\/v2\/pages\/28\/revisions\/259"}],"wp:attachment":[{"href":"https:\/\/segurancaengenharia.com.br\/index.php?rest_route=%2Fwp%2Fv2%2Fmedia&parent=28"}],"curies":[{"name":"wp","href":"https:\/\/api.w.org\/{rel}","templated":true}]}}